{"id":1009,"date":"2017-03-30T12:23:29","date_gmt":"2017-03-30T10:23:29","guid":{"rendered":"http:\/\/www.prevotel.ch\/?page_id=1009"},"modified":"2026-03-04T10:12:09","modified_gmt":"2026-03-04T09:12:09","slug":"rapports-de-gestion","status":"publish","type":"page","link":"https:\/\/www.prevotel.ch\/?page_id=1009","title":{"rendered":"Rapports de gestion"},"content":{"rendered":"<p>[vc_row][vc_column width=\u00a0\u00bb1\/3&Prime;][\/vc_column][vc_column width=\u00a0\u00bb2\/3&Prime;]<h5 class=\"grve-element grve-align-left grve-title-no-line\" style=\"\">Rapports de gestion succincts<\/h5>[vc_column_text]<\/p>\n<ul>\n<li style=\"list-style-type: none;\">\n<ul>\n<li><a href=\"https:\/\/www.prevotel.ch\/wp-content\/uploads\/2025\/07\/19562_HOTELA_RAPPORT_ANNUEL_PREVOTEL_2024_FR_WEB.pdf\">Rapport annuel 2024<\/a><\/li>\n<li><a href=\"https:\/\/www.prevotel.ch\/wp-content\/uploads\/2025\/07\/Bilan-et-compte-dexploitation-2024-prevotel.pdf\">Bilan et compte d&rsquo;exploitation 2024 &#8211; pr\u00e9votel<\/a><\/li>\n<li><a href=\"https:\/\/www.prevotel.ch\/wp-content\/uploads\/2024\/07\/227297-FR_bat.pdf\">Rapport annuel succinct 2023<\/a><\/li>\n<li><a href=\"https:\/\/www.prevotel.ch\/wp-content\/uploads\/2024\/05\/Bilan-et-compte-dexploitation-2023-prevotel.pdf\">Bilan et compte d&rsquo;exploitation 2023 &#8211; pr\u00e9votel<\/a><\/li>\n<li><a href=\"https:\/\/www.prevotel.ch\/wp-content\/uploads\/2023\/08\/16506_HOTELA_RAPPORT_PREVOTEL-2022_FR.pdf\">Rapport annuel succinct 2022<\/a><\/li>\n<li><a href=\"https:\/\/www.prevotel.ch\/wp-content\/uploads\/2023\/08\/Bilan-et-compte-dexploitation-2022-prevotel.pdf\">Bilan et compte d&rsquo;exploitation 2022 &#8211; pr\u00e9votel<\/a><\/li>\n<\/ul>\n<\/li>\n<\/ul>\n<p>[\/vc_column_text][\/vc_column][\/vc_row]<\/p>\n","protected":false},"excerpt":{"rendered":"<p>[vc_row][vc_column width=\u00a0\u00bb1\/3&Prime;][\/vc_column][vc_column width=\u00a0\u00bb2\/3&Prime;][vc_column_text] Rapport annuel 2024 Bilan et compte d&rsquo;exploitation 2024 &#8211; pr\u00e9votel Rapport annuel succinct 2023 Bilan et compte d&rsquo;exploitation 2023 &#8211; pr\u00e9votel Rapport annuel succinct 2022 Bilan et compte d&rsquo;exploitation 2022 &#8211; pr\u00e9votel [\/vc_column_text][\/vc_column][\/vc_row]<\/p>\n","protected":false},"author":45,"featured_media":0,"parent":0,"menu_order":0,"comment_status":"closed","ping_status":"closed","template":"","meta":{"footnotes":""},"class_list":["post-1009","page","type-page","status-publish","hentry"],"_links":{"self":[{"href":"https:\/\/www.prevotel.ch\/index.php?rest_route=\/wp\/v2\/pages\/1009","targetHints":{"allow":["GET"]}}],"collection":[{"href":"https:\/\/www.prevotel.ch\/index.php?rest_route=\/wp\/v2\/pages"}],"about":[{"href":"https:\/\/www.prevotel.ch\/index.php?rest_route=\/wp\/v2\/types\/page"}],"author":[{"embeddable":true,"href":"https:\/\/www.prevotel.ch\/index.php?rest_route=\/wp\/v2\/users\/45"}],"replies":[{"embeddable":true,"href":"https:\/\/www.prevotel.ch\/index.php?rest_route=%2Fwp%2Fv2%2Fcomments&post=1009"}],"version-history":[{"count":20,"href":"https:\/\/www.prevotel.ch\/index.php?rest_route=\/wp\/v2\/pages\/1009\/revisions"}],"predecessor-version":[{"id":3979,"href":"https:\/\/www.prevotel.ch\/index.php?rest_route=\/wp\/v2\/pages\/1009\/revisions\/3979"}],"wp:attachment":[{"href":"https:\/\/www.prevotel.ch\/index.php?rest_route=%2Fwp%2Fv2%2Fmedia&parent=1009"}],"curies":[{"name":"wp","href":"https:\/\/api.w.org\/{rel}","templated":true}]}}