{"id":50,"date":"2014-10-28T13:57:58","date_gmt":"2014-10-28T12:57:58","guid":{"rendered":"http:\/\/www.prevotel.ch\/?page_id=50"},"modified":"2026-03-04T10:12:25","modified_gmt":"2026-03-04T09:12:25","slug":"formulaires","status":"publish","type":"page","link":"https:\/\/www.prevotel.ch\/?page_id=50","title":{"rendered":"Formulaires"},"content":{"rendered":"<p>[vc_row][vc_column width=\u00a0\u00bb1\/3&Prime;][vc_column_text]<br \/>\n[\/vc_column_text][\/vc_column][vc_column width=\u00a0\u00bb2\/3&Prime;]<h5 class=\"grve-element grve-align-left grve-title-no-line\" style=\"\">Formulaires<\/h5>[vc_column_text]<\/p>\n<ul>\n<li><a href=\"https:\/\/www.prevotel.ch\/wp-content\/uploads\/2023\/08\/Nouvelle-entree_F_2015_moins-de-25-ans.pdf\">Annonce d&rsquo;entr\u00e9e au Fonds de pr\u00e9voyance (pour les moins de 25ans)<\/a><\/li>\n<li><a href=\"https:\/\/www.prevotel.ch\/wp-content\/uploads\/2023\/12\/Nouvelle-entree_F_2024.pdf\">Annonce d&rsquo;entr\u00e9e au Fonds de pr\u00e9voyance<\/a><\/li>\n<li><a href=\"https:\/\/www.prevotel.ch\/wp-content\/uploads\/2014\/10\/Annonce-de-mutation-LPP_avec-IBAN_F_2019.pdf\" target=\"_blank\" rel=\"noopener\">Annonce de mutation LPP<\/a><\/li>\n<li><a href=\"https:\/\/www.prevotel.ch\/wp-content\/uploads\/2021\/01\/Demande-de-prestation-de-sortie-FIn-rapport-de-travail-F_2021.pdf\" target=\"_blank\" rel=\"noopener\">Demande de la prestation de sortie<\/a><\/li>\n<li><a href=\"https:\/\/www.prevotel.ch\/wp-content\/uploads\/2025\/08\/Demande-de-prestations-vieillesse_F_2025-1.pdf\">Demande de prestations vieillesse<\/a><\/li>\n<li><a href=\"https:\/\/www.prevotel.ch\/wp-content\/uploads\/2022\/09\/Demande-transfert-LPP_2015.pdf\" target=\"_blank\" rel=\"noopener\">Demande de transfert de la prestation de libre passage<\/a><\/li>\n<li><a href=\"https:\/\/www.prevotel.ch\/wp-content\/uploads\/2015\/02\/Demande-de-versement-anticip\u00e9_F_2015.pdf\" target=\"_blank\" rel=\"noopener noreferrer\">Demande de versement anticip\u00e9 pour l\u2019accession \u00e0 la propri\u00e9t\u00e9 du logement<\/a><\/li>\n<li><a href=\"https:\/\/www.prevotel.ch\/wp-content\/uploads\/2014\/10\/Rachat-de-prestation_F_2019.pdf\" target=\"_blank\" rel=\"noopener\">Rachat de prestations pour la retraite r\u00e9glementaire<\/a><\/li>\n<li><a href=\"https:\/\/www.prevotel.ch\/wp-content\/uploads\/2024\/10\/Annonce-de-concubinage_F_2024-avec-champs-de-remplissage.pdf\">Annonce de concubinage<\/a><\/li>\n<\/ul>\n<p>[\/vc_column_text][\/vc_column][\/vc_row]<\/p>\n","protected":false},"excerpt":{"rendered":"<p>[vc_row][vc_column width=\u00a0\u00bb1\/3&Prime;][vc_column_text] [\/vc_column_text][\/vc_column][vc_column width=\u00a0\u00bb2\/3&Prime;][vc_column_text] Annonce d&rsquo;entr\u00e9e au Fonds de pr\u00e9voyance (pour les moins de 25ans) Annonce d&rsquo;entr\u00e9e au Fonds de pr\u00e9voyance Annonce de mutation LPP Demande de la prestation de sortie Demande de prestations vieillesse Demande de transfert de la prestation de libre passage Demande de versement anticip\u00e9 pour l\u2019accession \u00e0 la propri\u00e9t\u00e9 du logement [&hellip;]<\/p>\n","protected":false},"author":1,"featured_media":0,"parent":0,"menu_order":0,"comment_status":"closed","ping_status":"open","template":"","meta":{"footnotes":""},"class_list":["post-50","page","type-page","status-publish","hentry"],"_links":{"self":[{"href":"https:\/\/www.prevotel.ch\/index.php?rest_route=\/wp\/v2\/pages\/50","targetHints":{"allow":["GET"]}}],"collection":[{"href":"https:\/\/www.prevotel.ch\/index.php?rest_route=\/wp\/v2\/pages"}],"about":[{"href":"https:\/\/www.prevotel.ch\/index.php?rest_route=\/wp\/v2\/types\/page"}],"author":[{"embeddable":true,"href":"https:\/\/www.prevotel.ch\/index.php?rest_route=\/wp\/v2\/users\/1"}],"replies":[{"embeddable":true,"href":"https:\/\/www.prevotel.ch\/index.php?rest_route=%2Fwp%2Fv2%2Fcomments&post=50"}],"version-history":[{"count":38,"href":"https:\/\/www.prevotel.ch\/index.php?rest_route=\/wp\/v2\/pages\/50\/revisions"}],"predecessor-version":[{"id":3997,"href":"https:\/\/www.prevotel.ch\/index.php?rest_route=\/wp\/v2\/pages\/50\/revisions\/3997"}],"wp:attachment":[{"href":"https:\/\/www.prevotel.ch\/index.php?rest_route=%2Fwp%2Fv2%2Fmedia&parent=50"}],"curies":[{"name":"wp","href":"https:\/\/api.w.org\/{rel}","templated":true}]}}