{"id":52,"date":"2014-10-28T13:58:42","date_gmt":"2014-10-28T12:58:42","guid":{"rendered":"http:\/\/www.prevotel.ch\/?page_id=52"},"modified":"2026-03-04T10:15:15","modified_gmt":"2026-03-04T09:15:15","slug":"formulaires-de","status":"publish","type":"page","link":"https:\/\/www.prevotel.ch\/?page_id=52&lang=de","title":{"rendered":"Formulare"},"content":{"rendered":"<p>[vc_row][vc_column width=\u00a0\u00bb1\/3&Prime;][vc_column_text]<br \/>\n[\/vc_column_text][\/vc_column][vc_column width=\u00a0\u00bb2\/3&Prime;]<h5 class=\"grve-element grve-align-left grve-title-no-line\" style=\"\">Formulare<\/h5>[vc_column_text]<\/p>\n<ul>\n<li><a href=\"https:\/\/www.prevotel.ch\/wp-content\/uploads\/2024\/01\/Annonce-de-mutation-LPP_D.pdf\">\u00c4nderungsanzeige BVG<\/a><\/li>\n<li><a href=\"https:\/\/www.prevotel.ch\/wp-content\/uploads\/2023\/12\/Nouvelle-entree_D_2024.pdf\">Eintritt in die Personalf\u00fcrsorgestiftung<\/a><\/li>\n<li><a href=\"https:\/\/www.prevotel.ch\/wp-content\/uploads\/2023\/08\/Nouvelle-entree_D_2015_moins-de-25-ans.pdf\">Eintritt in die Personalf\u00fcrsorgestiftung_25ans<\/a><\/li>\n<li><a href=\"https:\/\/www.prevotel.ch\/wp-content\/uploads\/2021\/01\/Demande-de-prestation-de-sortie-FIn-rapport-de-travail-D_2021.pdf\" target=\"_blank\" rel=\"noopener\">Antrag der Austrittsleistung<\/a><\/li>\n<li><a href=\"https:\/\/www.prevotel.ch\/wp-content\/uploads\/2025\/08\/Demande-de-prestations-vieillesse_D_2025.pdf\">Antrag der Altersleistung<\/a><\/li>\n<li><a href=\"https:\/\/www.prevotel.ch\/wp-content\/uploads\/2015\/02\/Demande-transfert-LPP_2015.pdf\" target=\"_blank\" rel=\"noopener noreferrer\">Antrag zur \u00dcberweisung der Freiz\u00fcgigkeitsleistung<\/a><\/li>\n<li><a href=\"https:\/\/www.prevotel.ch\/wp-content\/uploads\/2015\/02\/Demande-de-versement-anticip\u00e9_D_2015.pdf\" target=\"_blank\" rel=\"noopener noreferrer\">Antrag auf Vorbezug Wohneigentumsf\u00f6rderung<\/a><\/li>\n<li><a href=\"https:\/\/www.prevotel.ch\/wp-content\/uploads\/2014\/10\/Rachat-de-prestation_D_2019.pdf\" target=\"_blank\" rel=\"noopener\">Leistungseinkauf f\u00fcr die reglementarische Rente<\/a><\/li>\n<li><a href=\"https:\/\/www.prevotel.ch\/wp-content\/uploads\/2024\/10\/Annonce-de-concubinage_D_2024_avec-champs-de-remplissage.pdf\">Erkl\u00e4rung Partnerrente f\u00fcr den Konkubinatspartner<\/a><\/li>\n<\/ul>\n<p>[\/vc_column_text][\/vc_column][\/vc_row]<\/p>\n","protected":false},"excerpt":{"rendered":"<p>[vc_row][vc_column width=\u00a0\u00bb1\/3&Prime;][vc_column_text] [\/vc_column_text][\/vc_column][vc_column width=\u00a0\u00bb2\/3&Prime;][vc_column_text] \u00c4nderungsanzeige BVG Eintritt in die Personalf\u00fcrsorgestiftung Eintritt in die Personalf\u00fcrsorgestiftung_25ans Antrag der Austrittsleistung Antrag der Altersleistung Antrag zur \u00dcberweisung der Freiz\u00fcgigkeitsleistung Antrag auf Vorbezug Wohneigentumsf\u00f6rderung Leistungseinkauf f\u00fcr die reglementarische Rente Erkl\u00e4rung Partnerrente f\u00fcr den Konkubinatspartner [\/vc_column_text][\/vc_column][\/vc_row]<\/p>\n","protected":false},"author":1,"featured_media":0,"parent":0,"menu_order":0,"comment_status":"closed","ping_status":"open","template":"","meta":{"footnotes":""},"class_list":["post-52","page","type-page","status-publish","hentry"],"_links":{"self":[{"href":"https:\/\/www.prevotel.ch\/index.php?rest_route=\/wp\/v2\/pages\/52","targetHints":{"allow":["GET"]}}],"collection":[{"href":"https:\/\/www.prevotel.ch\/index.php?rest_route=\/wp\/v2\/pages"}],"about":[{"href":"https:\/\/www.prevotel.ch\/index.php?rest_route=\/wp\/v2\/types\/page"}],"author":[{"embeddable":true,"href":"https:\/\/www.prevotel.ch\/index.php?rest_route=\/wp\/v2\/users\/1"}],"replies":[{"embeddable":true,"href":"https:\/\/www.prevotel.ch\/index.php?rest_route=%2Fwp%2Fv2%2Fcomments&post=52"}],"version-history":[{"count":36,"href":"https:\/\/www.prevotel.ch\/index.php?rest_route=\/wp\/v2\/pages\/52\/revisions"}],"predecessor-version":[{"id":3494,"href":"https:\/\/www.prevotel.ch\/index.php?rest_route=\/wp\/v2\/pages\/52\/revisions\/3494"}],"wp:attachment":[{"href":"https:\/\/www.prevotel.ch\/index.php?rest_route=%2Fwp%2Fv2%2Fmedia&parent=52"}],"curies":[{"name":"wp","href":"https:\/\/api.w.org\/{rel}","templated":true}]}}