{"id":67,"date":"2014-10-28T14:27:24","date_gmt":"2014-10-28T13:27:24","guid":{"rendered":"http:\/\/www.prevotel.ch\/?page_id=67"},"modified":"2026-03-04T10:11:40","modified_gmt":"2026-03-04T09:11:40","slug":"reglements","status":"publish","type":"page","link":"https:\/\/www.prevotel.ch\/?page_id=67","title":{"rendered":"R\u00e8glements"},"content":{"rendered":"<p>[vc_row][vc_column width=\u00a0\u00bb2\/3&Prime;]<h5 class=\"grve-element grve-align-left grve-title-no-line\" style=\"\">R\u00e8glements<\/h5>[vc_column_text]<\/p>\n<ul>\n<li style=\"list-style-type: none;\">\n<ul>\n<li><a href=\"https:\/\/www.prevotel.ch\/wp-content\/uploads\/2026\/01\/Reglement-prevoyance-2026.pdf\">R\u00e8glement pr\u00e9voyance 2026<\/a><\/li>\n<li><a href=\"https:\/\/www.prevotel.ch\/wp-content\/uploads\/2024\/12\/F_Annexe-no-1_RP_2016.pdf\">Annexe 1 Taux de conversion<\/a><\/li>\n<li><a href=\"https:\/\/www.prevotel.ch\/wp-content\/uploads\/2024\/12\/F_Annexe-no-2_RP_2016.pdf\">Annexe 2 Rente-pont AVS<\/a><\/li>\n<li><a href=\"https:\/\/www.prevotel.ch\/wp-content\/uploads\/2014\/10\/F_R\u00e8glement-encouragement-\u00e0-la-propri\u00e9t\u00e9_2020.pdf\" target=\"_blank\" rel=\"noopener\">R\u00e8glement sur l\u2019encouragement \u00e0 la propri\u00e9t\u00e9 du logement au moyen de la pr\u00e9voyance professionnelle<\/a><\/li>\n<\/ul>\n<\/li>\n<\/ul>\n<p>[\/vc_column_text]<h5 class=\"grve-element grve-align-left grve-title-no-line\" style=\"\">Charte<\/h5>[\/vc_column][\/vc_row][vc_row][vc_column width=\u00a0\u00bb1\/2&Prime;][vc_column_text]<\/p>\n<ul>\n<li><a href=\"https:\/\/www.prevotel.ch\/wp-content\/uploads\/2024\/04\/prevotel_Charte-dinvestissement-responsable_01.01.2024_FR.pdf\">Charte d&rsquo;investissement responsable<\/a><\/li>\n<\/ul>\n<p>[\/vc_column_text][\/vc_column][vc_column width=\u00a0\u00bb1\/2&Prime;][\/vc_column][\/vc_row]<\/p>\n","protected":false},"excerpt":{"rendered":"<p>[vc_row][vc_column width=\u00a0\u00bb2\/3&Prime;][vc_column_text] R\u00e8glement pr\u00e9voyance 2026 Annexe 1 Taux de conversion Annexe 2 Rente-pont AVS R\u00e8glement sur l\u2019encouragement \u00e0 la propri\u00e9t\u00e9 du logement au moyen de la pr\u00e9voyance professionnelle [\/vc_column_text][\/vc_column][\/vc_row][vc_row][vc_column width=\u00a0\u00bb1\/2&Prime;][vc_column_text] Charte d&rsquo;investissement responsable [\/vc_column_text][\/vc_column][vc_column width=\u00a0\u00bb1\/2&Prime;][\/vc_column][\/vc_row]<\/p>\n","protected":false},"author":1,"featured_media":0,"parent":0,"menu_order":0,"comment_status":"closed","ping_status":"open","template":"","meta":{"footnotes":""},"class_list":["post-67","page","type-page","status-publish","hentry"],"_links":{"self":[{"href":"https:\/\/www.prevotel.ch\/index.php?rest_route=\/wp\/v2\/pages\/67","targetHints":{"allow":["GET"]}}],"collection":[{"href":"https:\/\/www.prevotel.ch\/index.php?rest_route=\/wp\/v2\/pages"}],"about":[{"href":"https:\/\/www.prevotel.ch\/index.php?rest_route=\/wp\/v2\/types\/page"}],"author":[{"embeddable":true,"href":"https:\/\/www.prevotel.ch\/index.php?rest_route=\/wp\/v2\/users\/1"}],"replies":[{"embeddable":true,"href":"https:\/\/www.prevotel.ch\/index.php?rest_route=%2Fwp%2Fv2%2Fcomments&post=67"}],"version-history":[{"count":42,"href":"https:\/\/www.prevotel.ch\/index.php?rest_route=\/wp\/v2\/pages\/67\/revisions"}],"predecessor-version":[{"id":3996,"href":"https:\/\/www.prevotel.ch\/index.php?rest_route=\/wp\/v2\/pages\/67\/revisions\/3996"}],"wp:attachment":[{"href":"https:\/\/www.prevotel.ch\/index.php?rest_route=%2Fwp%2Fv2%2Fmedia&parent=67"}],"curies":[{"name":"wp","href":"https:\/\/api.w.org\/{rel}","templated":true}]}}