{"id":70,"date":"2014-10-28T14:28:17","date_gmt":"2014-10-28T13:28:17","guid":{"rendered":"http:\/\/www.prevotel.ch\/?page_id=70"},"modified":"2026-03-04T10:15:44","modified_gmt":"2026-03-04T09:15:44","slug":"reglements-de","status":"publish","type":"page","link":"https:\/\/www.prevotel.ch\/?page_id=70&lang=de","title":{"rendered":"Reglemente &#038; Charta"},"content":{"rendered":"<p>[vc_row][vc_column width=\u00a0\u00bb2\/3&Prime;]<h5 class=\"grve-element grve-align-left grve-title-no-line\" style=\"\">G\u00fcltiges Reglement &amp; Charta<\/h5>[vc_column_text]<\/p>\n<ul>\n<li style=\"list-style-type: none;\">\n<ul>\n<li><a href=\"https:\/\/www.prevotel.ch\/wp-content\/uploads\/2026\/01\/Vorsorgereglement-prevotel-2026-signe.pdf\">Vorsorgereglement pr\u00e9votel <\/a><\/li>\n<li><a href=\"https:\/\/www.prevotel.ch\/wp-content\/uploads\/2024\/12\/D_Anhang-1-RP-2016.pdf\">Anhang 1 Beitragssatz<\/a><\/li>\n<li><a href=\"https:\/\/www.prevotel.ch\/wp-content\/uploads\/2024\/12\/D_Anhang-2-RP-2016.pdf\">Anhang 2 AHV-\u00dcberbr\u00fcckungsrente<\/a><\/li>\n<li><a href=\"https:\/\/www.prevotel.ch\/wp-content\/uploads\/2014\/10\/D_R\u00e8glement-encouragement-\u00e0-la-propri\u00e9t\u00e9-2018-2.pdf\" target=\"_blank\" rel=\"noopener\">Reglement \u00fcber die Wohneigentumsf\u00f6rderung mit Mitteln der beruflichen Vorsorge<\/a><\/li>\n<\/ul>\n<\/li>\n<\/ul>\n<p>[\/vc_column_text][\/vc_column][\/vc_row][vc_row][vc_column]<h5 class=\"grve-element grve-align-left grve-title-no-line\" style=\"\">Charta<\/h5>[\/vc_column][\/vc_row][vc_row][vc_column][vc_column_text]<\/p>\n<ul>\n<li><a href=\"https:\/\/www.prevotel.ch\/wp-content\/uploads\/2024\/04\/prevotel_Charte-dinvestissement-responsable_01.01.2024_D.pdf\">Charta f\u00fcr verantwortungsbewusste Investitionen<\/a><\/li>\n<\/ul>\n<p>[\/vc_column_text][\/vc_column][\/vc_row]<\/p>\n","protected":false},"excerpt":{"rendered":"<p>[vc_row][vc_column width=\u00a0\u00bb2\/3&Prime;][vc_column_text] Vorsorgereglement pr\u00e9votel Anhang 1 Beitragssatz Anhang 2 AHV-\u00dcberbr\u00fcckungsrente Reglement \u00fcber die Wohneigentumsf\u00f6rderung mit Mitteln der beruflichen Vorsorge [\/vc_column_text][\/vc_column][\/vc_row][vc_row][vc_column][\/vc_column][\/vc_row][vc_row][vc_column][vc_column_text] Charta f\u00fcr verantwortungsbewusste Investitionen [\/vc_column_text][\/vc_column][\/vc_row]<\/p>\n","protected":false},"author":1,"featured_media":0,"parent":0,"menu_order":0,"comment_status":"closed","ping_status":"open","template":"","meta":{"footnotes":""},"class_list":["post-70","page","type-page","status-publish","hentry"],"_links":{"self":[{"href":"https:\/\/www.prevotel.ch\/index.php?rest_route=\/wp\/v2\/pages\/70","targetHints":{"allow":["GET"]}}],"collection":[{"href":"https:\/\/www.prevotel.ch\/index.php?rest_route=\/wp\/v2\/pages"}],"about":[{"href":"https:\/\/www.prevotel.ch\/index.php?rest_route=\/wp\/v2\/types\/page"}],"author":[{"embeddable":true,"href":"https:\/\/www.prevotel.ch\/index.php?rest_route=\/wp\/v2\/users\/1"}],"replies":[{"embeddable":true,"href":"https:\/\/www.prevotel.ch\/index.php?rest_route=%2Fwp%2Fv2%2Fcomments&post=70"}],"version-history":[{"count":36,"href":"https:\/\/www.prevotel.ch\/index.php?rest_route=\/wp\/v2\/pages\/70\/revisions"}],"predecessor-version":[{"id":3993,"href":"https:\/\/www.prevotel.ch\/index.php?rest_route=\/wp\/v2\/pages\/70\/revisions\/3993"}],"wp:attachment":[{"href":"https:\/\/www.prevotel.ch\/index.php?rest_route=%2Fwp%2Fv2%2Fmedia&parent=70"}],"curies":[{"name":"wp","href":"https:\/\/api.w.org\/{rel}","templated":true}]}}